{"id":5397,"date":"2024-10-07T08:34:31","date_gmt":"2024-10-07T08:34:31","guid":{"rendered":"https:\/\/pixelsconverter.online\/?page_id=5397"},"modified":"2025-11-28T15:44:17","modified_gmt":"2025-11-28T15:44:17","slug":"disclaimer","status":"publish","type":"page","link":"https:\/\/toolsmate.online\/vi\/disclaimer\/","title":{"rendered":"Tuy\u00ean b\u1ed1 mi\u1ec5n tr\u1eeb tr\u00e1ch nhi\u1ec7m"},"content":{"rendered":"<style>.kb-row-layout-id5397_7e17ae-df > .kt-row-column-wrap{align-content:start;}:where(.kb-row-layout-id5397_7e17ae-df > .kt-row-column-wrap) > .wp-block-kadence-column{justify-content:start;}.kb-row-layout-id5397_7e17ae-df > .kt-row-column-wrap{column-gap:var(--global-kb-gap-md, 2rem);row-gap:var(--global-kb-gap-md, 2rem);max-width:var( --global-content-width, 1100px );padding-left:var(--global-content-edge-padding);padding-right:var(--global-content-edge-padding);padding-top:var(--global-kb-spacing-sm, 1.5rem);padding-bottom:var(--global-kb-spacing-sm, 1.5rem);grid-template-columns:minmax(0, 1fr);}.kb-row-layout-id5397_7e17ae-df > .kt-row-layout-overlay{opacity:0.30;}@media all and (max-width: 1024px){.kb-row-layout-id5397_7e17ae-df > .kt-row-column-wrap{grid-template-columns:minmax(0, 1fr);}}@media all and (max-width: 767px){.kb-row-layout-id5397_7e17ae-df > .kt-row-column-wrap{grid-template-columns:minmax(0, 1fr);}}<\/style><div class=\"kb-row-layout-wrap kb-row-layout-id5397_7e17ae-df alignnone wp-block-kadence-rowlayout\"><div class=\"kt-row-column-wrap kt-has-1-columns kt-row-layout-equal kt-tab-layout-inherit kt-mobile-layout-row kt-row-valign-top kb-theme-content-width\">\n<style>.kadence-column5397_6a6c25-db > .kt-inside-inner-col,.kadence-column5397_6a6c25-db > .kt-inside-inner-col:before{border-top-left-radius:0px;border-top-right-radius:0px;border-bottom-right-radius:0px;border-bottom-left-radius:0px;}.kadence-column5397_6a6c25-db > .kt-inside-inner-col{column-gap:var(--global-kb-gap-sm, 1rem);}.kadence-column5397_6a6c25-db > .kt-inside-inner-col{flex-direction:column;}.kadence-column5397_6a6c25-db > .kt-inside-inner-col > .aligncenter{width:100%;}.kadence-column5397_6a6c25-db > .kt-inside-inner-col:before{opacity:0.3;}.kadence-column5397_6a6c25-db{position:relative;}@media all and (max-width: 1024px){.kadence-column5397_6a6c25-db > .kt-inside-inner-col{flex-direction:column;justify-content:center;}}@media all and (max-width: 767px){.kadence-column5397_6a6c25-db > .kt-inside-inner-col{flex-direction:column;justify-content:center;}}<\/style>\n<div class=\"wp-block-kadence-column kadence-column5397_6a6c25-db\"><div class=\"kt-inside-inner-col\">\n<h2 class=\"wp-block-heading\"><strong>\u0110i\u1ec1u kho\u1ea3n v\u00e0 \u0110i\u1ec1u ki\u1ec7n cho Tools Mate<\/strong><\/h2>\n<\/div><\/div>\n\n\n<style>.kadence-column5397_5442b6-62 > .kt-inside-inner-col,.kadence-column5397_5442b6-62 > .kt-inside-inner-col:before{border-top-left-radius:0px;border-top-right-radius:0px;border-bottom-right-radius:0px;border-bottom-left-radius:0px;}.kadence-column5397_5442b6-62 > .kt-inside-inner-col{column-gap:var(--global-kb-gap-sm, 1rem);}.kadence-column5397_5442b6-62 > .kt-inside-inner-col{flex-direction:column;}.kadence-column5397_5442b6-62 > .kt-inside-inner-col > .aligncenter{width:100%;}.kadence-column5397_5442b6-62 > .kt-inside-inner-col:before{opacity:0.3;}.kadence-column5397_5442b6-62, .kadence-column5397_5442b6-62 h1, .kadence-column5397_5442b6-62 h2, .kadence-column5397_5442b6-62 h3, .kadence-column5397_5442b6-62 h4, .kadence-column5397_5442b6-62 h5, .kadence-column5397_5442b6-62 h6{color:var(--global-palette9, #ffffff);}.kadence-column5397_5442b6-62 a{color:var(--global-palette7, #EDF2F7);}.kadence-column5397_5442b6-62{position:relative;}@media all and (max-width: 1024px){.kadence-column5397_5442b6-62 > .kt-inside-inner-col{flex-direction:column;justify-content:center;}}@media all and (max-width: 767px){.kadence-column5397_5442b6-62 > .kt-inside-inner-col{flex-direction:column;justify-content:center;}}<\/style>\n<div class=\"wp-block-kadence-column kadence-column5397_5442b6-62\"><div class=\"kt-inside-inner-col\">\n<p>Ch\u00e0o m\u1eebng \u0111\u1ebfn v\u1edbi <strong>C\u00f4ng c\u1ee5 Mate<\/strong> (<a href=\"https:\/\/toolsmate.online\/vi\/\">https:\/\/toolsmate.online<\/a>). Khi s\u1eed d\u1ee5ng trang web n\u00e0y, b\u1ea1n \u0111\u1ed3ng \u00fd v\u1edbi c\u00e1c \u0111i\u1ec1u kho\u1ea3n v\u00e0 \u0111i\u1ec1u ki\u1ec7n sau \u0111\u00e2y. Vui l\u00f2ng \u0111\u1ecdc k\u1ef9.<\/p>\n\n\n\n<hr class=\"wp-block-separator has-alpha-channel-opacity\"\/>\n\n\n\n<h3 class=\"wp-block-heading\"><strong>1. S\u1eed d\u1ee5ng Trang web v\u00e0 C\u00f4ng c\u1ee5<\/strong><\/h3>\n\n\n\n<p>C\u00e1c m\u00e1y t\u00ednh, b\u1ed9 chuy\u1ec3n \u0111\u1ed5i v\u00e0 c\u00e1c c\u00f4ng c\u1ee5 kh\u00e1c tr\u00ean Tools Mate \u0111\u01b0\u1ee3c cung c\u1ea5p cho <strong>ch\u1ec9 nh\u1eb1m m\u1ee5c \u0111\u00edch th\u00f4ng tin chung<\/strong>. Trong khi ch\u00fang t\u00f4i h\u01b0\u1edbng t\u1edbi m\u1ee5c ti\u00eau \u0111\u1ea3m b\u1ea3o \u0111\u1ed9 ch\u00ednh x\u00e1c, Tools Mate th\u1ef1c hi\u1ec7n <strong>kh\u00f4ng c\u00f3 b\u1ea3o h\u00e0nh ho\u1eb7c \u0111\u1ea3m b\u1ea3o<\/strong> v\u1ec1 t\u00ednh ch\u00ednh x\u00e1c c\u1ee7a k\u1ebft qu\u1ea3.<\/p>\n\n\n\n<p>Ng\u01b0\u1eddi d\u00f9ng c\u00f3 tr\u00e1ch nhi\u1ec7m t\u1ef1 m\u00ecnh x\u00e1c minh b\u1ea5t k\u1ef3 k\u1ebft qu\u1ea3 n\u00e0o tr\u01b0\u1edbc khi d\u1ef1a v\u00e0o ch\u00fang \u0111\u1ec3 \u0111\u01b0a ra c\u00e1c quy\u1ebft \u0111\u1ecbnh quan tr\u1ecdng. C\u00e1c c\u00f4ng c\u1ee5 n\u00e0y l\u00e0 <strong>kh\u00f4ng ph\u1ea3i l\u00e0 s\u1ef1 thay th\u1ebf cho l\u1eddi khuy\u00ean chuy\u00ean nghi\u1ec7p<\/strong>.<\/p>\n\n\n\n<hr class=\"wp-block-separator has-alpha-channel-opacity\"\/>\n\n\n\n<h3 class=\"wp-block-heading\"><strong>2. S\u1edf h\u1eefu tr\u00ed tu\u1ec7<\/strong><\/h3>\n\n\n\n<p>T\u1ea5t c\u1ea3 n\u1ed9i dung tr\u00ean trang web n\u00e0y\u2014bao g\u1ed3m c\u00e1c c\u00f4ng c\u1ee5, v\u0103n b\u1ea3n, \u0111\u1ed3 h\u1ecda, logo v\u00e0 ph\u1ea7n m\u1ec1m\u2014l\u00e0 <strong>s\u1edf h\u1eefu tr\u00ed tu\u1ec7 c\u1ee7a Tools Mate<\/strong> v\u00e0 \u0111\u01b0\u1ee3c b\u1ea3o v\u1ec7 b\u1edfi lu\u1eadt b\u1ea3n quy\u1ec1n. Ng\u01b0\u1eddi d\u00f9ng c\u00f3 th\u1ec3 <strong>kh\u00f4ng sao ch\u00e9p, ph\u00e2n ph\u1ed1i ho\u1eb7c t\u1ea1o ra c\u00e1c t\u00e1c ph\u1ea9m ph\u00e1i sinh<\/strong> n\u1ebfu kh\u00f4ng c\u00f3 s\u1ef1 cho ph\u00e9p tr\u01b0\u1edbc b\u1eb1ng v\u0103n b\u1ea3n.<\/p>\n\n\n\n<hr class=\"wp-block-separator has-alpha-channel-opacity\"\/>\n\n\n\n<h3 class=\"wp-block-heading\"><strong>3. Quy\u1ec1n ri\u00eang t\u01b0 v\u00e0 Thu th\u1eadp d\u1eef li\u1ec7u<\/strong><\/h3>\n\n\n\n<p>Tools Mate thu th\u1eadp v\u00e0 s\u1eed d\u1ee5ng d\u1eef li\u1ec7u theo ch\u00ednh s\u00e1ch c\u1ee7a ch\u00fang t\u00f4i <strong>Ch\u00ednh s\u00e1ch b\u1ea3o m\u1eadt<\/strong>. Trang web c\u0169ng s\u1eed d\u1ee5ng cookie \u0111\u1ec3 n\u00e2ng cao tr\u1ea3i nghi\u1ec7m ng\u01b0\u1eddi d\u00f9ng v\u00e0 theo d\u00f5i th\u00f3i quen s\u1eed d\u1ee5ng.<\/p>\n\n\n\n<hr class=\"wp-block-separator has-alpha-channel-opacity\"\/>\n\n\n\n<h3 class=\"wp-block-heading\"><strong>4. S\u1eeda \u0111\u1ed5i \u0110i\u1ec1u kho\u1ea3n<\/strong><\/h3>\n\n\n\n<p>Tools Mate c\u00f3 quy\u1ec1n <strong>c\u1eadp nh\u1eadt ho\u1eb7c s\u1eeda \u0111\u1ed5i c\u00e1c \u0110i\u1ec1u kho\u1ea3n v\u00e0 \u0110i\u1ec1u ki\u1ec7n n\u00e0y<\/strong> b\u1ea5t c\u1ee9 l\u00fac n\u00e0o m\u00e0 kh\u00f4ng c\u1ea7n th\u00f4ng b\u00e1o tr\u01b0\u1edbc. Ng\u01b0\u1eddi d\u00f9ng c\u00f3 tr\u00e1ch nhi\u1ec7m xem x\u00e9t c\u00e1c \u0111i\u1ec1u kho\u1ea3n n\u00e0y th\u01b0\u1eddng xuy\u00ean. Vi\u1ec7c ti\u1ebfp t\u1ee5c s\u1eed d\u1ee5ng trang web \u0111\u1ed3ng ngh\u0129a v\u1edbi vi\u1ec7c ch\u1ea5p nh\u1eadn c\u00e1c \u0111i\u1ec1u kho\u1ea3n \u0111\u00e3 c\u1eadp nh\u1eadt.<\/p>\n\n\n\n<hr class=\"wp-block-separator has-alpha-channel-opacity\"\/>\n\n\n\n<h3 class=\"wp-block-heading\"><strong>5. Lu\u1eadt \u0111i\u1ec1u ch\u1ec9nh v\u00e0 th\u1ea9m quy\u1ec1n<\/strong><\/h3>\n\n\n\n<p>C\u00e1c \u0110i\u1ec1u kho\u1ea3n n\u00e0y \u0111\u01b0\u1ee3c \u0111i\u1ec1u ch\u1ec9nh b\u1edfi lu\u1eadt ph\u00e1p c\u1ee7a <strong>[qu\u1ed1c gia ho\u1eb7c khu v\u1ef1c c\u1ee7a b\u1ea1n]<\/strong>. M\u1ecdi tranh ch\u1ea5p ph\u00e1t sinh t\u1eeb vi\u1ec7c s\u1eed d\u1ee5ng trang web n\u00e0y s\u1ebd \u0111\u01b0\u1ee3c gi\u1ea3i quy\u1ebft t\u1ea1i t\u00f2a \u00e1n c\u1ee7a <strong>[qu\u1ed1c gia ho\u1eb7c khu v\u1ef1c c\u1ee7a b\u1ea1n]<\/strong>.<\/p>\n\n\n\n<hr class=\"wp-block-separator has-alpha-channel-opacity\"\/>\n\n\n\n<h3 class=\"wp-block-heading\"><strong>6. Gi\u1edbi h\u1ea1n tr\u00e1ch nhi\u1ec7m<\/strong><\/h3>\n\n\n\n<p>Tools Mate ph\u1ea5n \u0111\u1ea5u v\u00ec \u0111\u1ed9 ch\u00ednh x\u00e1c v\u00e0 \u0111\u1ed9 tin c\u1eady, nh\u01b0ng ch\u00fang t\u00f4i <strong>kh\u00f4ng ch\u1ecbu tr\u00e1ch nhi\u1ec7m<\/strong> \u0111\u1ed1i v\u1edbi c\u00e1c l\u1ed7i, thi\u1ebfu s\u00f3t ho\u1eb7c v\u1ea5n \u0111\u1ec1 k\u1ef9 thu\u1eadt, bao g\u1ed3m th\u1eddi gian ng\u1eebng ho\u1ea1t \u0111\u1ed9ng ho\u1eb7c b\u1ea3o tr\u00ec. Trang web \u0111\u01b0\u1ee3c cung c\u1ea5p <strong>\u201cnh\u01b0 hi\u1ec7n t\u1ea1i\u201d<\/strong>, v\u00e0 ng\u01b0\u1eddi d\u00f9ng truy c\u1eadp v\u00e0 s\u1eed d\u1ee5ng n\u00f3 v\u1edbi r\u1ee7i ro c\u1ee7a ri\u00eang h\u1ecd.<\/p>\n\n\n\n<hr class=\"wp-block-separator has-alpha-channel-opacity\"\/>\n\n\n\n<h3 class=\"wp-block-heading\"><strong>7. N\u1ed9i dung do ng\u01b0\u1eddi d\u00f9ng t\u1ea1o<\/strong><\/h3>\n\n\n\n<p>Ng\u01b0\u1eddi d\u00f9ng c\u00f3 th\u1ec3 cung c\u1ea5p \u00fd ki\u1ebfn ho\u1eb7c ph\u1ea3n h\u1ed3i tr\u00ean trang web. Tools Mate c\u00f3 quy\u1ec1n <strong>x\u00f3a b\u1ea5t k\u1ef3 n\u1ed9i dung kh\u00f4ng ph\u00f9 h\u1ee3p n\u00e0o<\/strong> v\u00e0 t\u1eeb ch\u1ed1i tr\u00e1ch nhi\u1ec7m \u0111\u1ed1i v\u1edbi n\u1ed9i dung do ng\u01b0\u1eddi d\u00f9ng t\u1ea1o ra.<\/p>\n\n\n\n<hr class=\"wp-block-separator has-alpha-channel-opacity\"\/>\n\n\n\n<h3 class=\"wp-block-heading\"><strong>8. Li\u00ean k\u1ebft c\u1ee7a b\u00ean th\u1ee9 ba v\u00e0 li\u00ean k\u1ebft li\u00ean k\u1ebft<\/strong><\/h3>\n\n\n\n<p>Trang web n\u00e0y c\u00f3 th\u1ec3 ch\u1ee9a <strong>li\u00ean k\u1ebft \u0111\u1ebfn c\u00e1c trang web c\u1ee7a b\u00ean th\u1ee9 ba<\/strong> ho\u1eb7c li\u00ean k\u1ebft li\u00ean k\u1ebft. Tools Mate l\u00e0 <strong>kh\u00f4ng ch\u1ecbu tr\u00e1ch nhi\u1ec7m v\u1ec1 n\u1ed9i dung, t\u00ednh ch\u00ednh x\u00e1c ho\u1eb7c th\u1ef1c h\u00e0nh<\/strong> c\u1ee7a c\u00e1c trang web n\u00e0y. Vi\u1ec7c s\u1eed d\u1ee5ng c\u00e1c trang web c\u1ee7a b\u00ean th\u1ee9 ba l\u00e0 do b\u1ea1n t\u1ef1 ch\u1ecbu r\u1ee7i ro.<\/p>\n\n\n\n<p>Li\u00ean k\u1ebft ti\u1ebfp th\u1ecb li\u00ean k\u1ebft c\u00f3 th\u1ec3 mang l\u1ea1i cho Tools Mate m\u1ed9t kho\u1ea3n hoa h\u1ed3ng m\u00e0 kh\u00f4ng t\u00ednh th\u00eam chi ph\u00ed cho ng\u01b0\u1eddi d\u00f9ng. Ch\u00fang t\u00f4i ch\u1ec9 gi\u1edbi thi\u1ec7u c\u00e1c s\u1ea3n ph\u1ea9m ho\u1eb7c d\u1ecbch v\u1ee5 m\u00e0 ch\u00fang t\u00f4i tin l\u00e0 mang l\u1ea1i gi\u00e1 tr\u1ecb, nh\u01b0ng ch\u00fang t\u00f4i kh\u00f4ng \u0111\u1ea3m b\u1ea3o t\u00ednh ch\u00ednh x\u00e1c ho\u1eb7c \u0111\u1ed9 tin c\u1eady c\u1ee7a ch\u00fang.<\/p>\n\n\n\n<hr class=\"wp-block-separator has-alpha-channel-opacity\"\/>\n\n\n\n<h3 class=\"wp-block-heading\"><strong>9. Tuy\u00ean b\u1ed1 mi\u1ec5n tr\u1eeb tr\u00e1ch nhi\u1ec7m c\u1ee7a Google Ads<\/strong><\/h3>\n\n\n\n<p>C\u00f4ng c\u1ee5 Mate c\u00f3 th\u1ec3 hi\u1ec3n th\u1ecb <strong>Qu\u1ea3ng c\u00e1o Google<\/strong> \u0111\u01b0\u1ee3c cung c\u1ea5p b\u1edfi Google. Nh\u1eefng qu\u1ea3ng c\u00e1o n\u00e0y c\u00f3 th\u1ec3 s\u1eed d\u1ee5ng cookie (ch\u1eb3ng h\u1ea1n nh\u01b0 cookie DART) \u0111\u1ec3 ph\u1ee5c v\u1ee5 <strong>qu\u1ea3ng c\u00e1o \u0111\u01b0\u1ee3c c\u00e1 nh\u00e2n h\u00f3a<\/strong> d\u1ef1a tr\u00ean ho\u1ea1t \u0111\u1ed9ng duy\u1ec7t web c\u1ee7a b\u1ea1n.<\/p>\n\n\n\n<p>B\u1ea1n c\u00f3 th\u1ec3 t\u1eeb ch\u1ed1i cookie DART b\u1eb1ng c\u00e1ch truy c\u1eadp <a>Ch\u00ednh s\u00e1ch b\u1ea3o m\u1eadt c\u1ee7a Google Ads<\/a>. C\u00f4ng c\u1ee5 Mate <strong>kh\u00f4ng ki\u1ec3m so\u00e1t n\u1ed9i dung qu\u1ea3ng c\u00e1o<\/strong> v\u00e0 kh\u00f4ng ch\u1ecbu tr\u00e1ch nhi\u1ec7m cho c\u00e1c h\u00e0nh \u0111\u1ed9ng c\u1ee7a Google ho\u1eb7c c\u00e1c nh\u00e0 qu\u1ea3ng c\u00e1o kh\u00e1c.<\/p>\n\n\n\n<hr class=\"wp-block-separator has-alpha-channel-opacity\"\/>\n\n\n\n<h3 class=\"wp-block-heading\"><strong>10. Th\u00f4ng tin li\u00ean l\u1ea1c<\/strong><\/h3>\n\n\n\n<p>N\u1ebfu c\u00f3 b\u1ea5t k\u1ef3 c\u00e2u h\u1ecfi ho\u1eb7c th\u00f4ng tin b\u1ed5 sung n\u00e0o li\u00ean quan \u0111\u1ebfn c\u00e1c \u0110i\u1ec1u kho\u1ea3n v\u00e0 \u0110i\u1ec1u ki\u1ec7n n\u00e0y, vui l\u00f2ng li\u00ean h\u1ec7 v\u1edbi ch\u00fang t\u00f4i theo \u0111\u1ecba ch\u1ec9:<\/p>\n\n\n\n<p><strong>E-mail:<\/strong> <a>toolsmate8@gmail.com<\/a><\/p>\n<\/div><\/div>\n\n<\/div><\/div>","protected":false},"excerpt":{"rendered":"<p>Terms and Conditions for Tools Mate Welcome to Tools Mate (https:\/\/toolsmate.online). By using this website, you agree to the following terms and conditions. Please read them carefully. 1. Use of Website and Tools The calculators, converters, and other tools on Tools Mate are provided for general information purposes only. While we aim to ensure accuracy,&#8230;<\/p>","protected":false},"author":3,"featured_media":0,"parent":0,"menu_order":0,"comment_status":"closed","ping_status":"closed","template":"","meta":{"_kad_blocks_custom_css":"","_kad_blocks_head_custom_js":"","_kad_blocks_body_custom_js":"","_kad_blocks_footer_custom_js":"","_kad_post_transparent":"","_kad_post_title":"","_kad_post_layout":"","_kad_post_sidebar_id":"","_kad_post_content_style":"","_kad_post_vertical_padding":"","_kad_post_feature":"","_kad_post_feature_position":"","_kad_post_header":false,"_kad_post_footer":false,"footnotes":""},"class_list":["post-5397","page","type-page","status-publish","hentry"],"yoast_head":"<!-- This site is optimized with the Yoast SEO plugin v26.4 - https:\/\/yoast.com\/wordpress\/plugins\/seo\/ -->\n<title>Disclaimer - Tools Mate<\/title>\n<meta name=\"description\" content=\"The conversion results provided by ToolsMate.online are for general informational and educational purposes only. While we strive to ensure accuracy, we do not guarantee that all calculations are error-free. Always double-check critical conversions using official or professional measurement references.ToolsMate.online assumes no responsibility for any errors, omissions, or damages arising from the use of this converter or reliance on its results.\" \/>\n<meta name=\"robots\" content=\"index, follow, max-snippet:-1, max-image-preview:large, max-video-preview:-1\" \/>\n<link rel=\"canonical\" href=\"https:\/\/toolsmate.online\/vi\/disclaimer\/\" \/>\n<meta property=\"og:locale\" content=\"vi_VN\" \/>\n<meta property=\"og:type\" content=\"article\" \/>\n<meta property=\"og:title\" content=\"Disclaimer - Tools Mate\" \/>\n<meta property=\"og:description\" content=\"The conversion results provided by ToolsMate.online are for general informational and educational purposes only. While we strive to ensure accuracy, we do not guarantee that all calculations are error-free. Always double-check critical conversions using official or professional measurement references.ToolsMate.online assumes no responsibility for any errors, omissions, or damages arising from the use of this converter or reliance on its results.\" \/>\n<meta property=\"og:url\" content=\"https:\/\/toolsmate.online\/vi\/disclaimer\/\" \/>\n<meta property=\"og:site_name\" content=\"Tools Mate\" \/>\n<meta property=\"article:modified_time\" content=\"2025-11-28T15:44:17+00:00\" \/>\n<meta name=\"twitter:card\" content=\"summary_large_image\" \/>\n<meta name=\"twitter:label1\" content=\"\u01af\u1edbc t\u00ednh th\u1eddi gian \u0111\u1ecdc\" \/>\n\t<meta name=\"twitter:data1\" content=\"3 ph\u00fat\" \/>\n<script type=\"application\/ld+json\" class=\"yoast-schema-graph\">{\"@context\":\"https:\/\/schema.org\",\"@graph\":[{\"@type\":\"WebPage\",\"@id\":\"https:\/\/toolsmate.online\/disclaimer\/\",\"url\":\"https:\/\/toolsmate.online\/disclaimer\/\",\"name\":\"Disclaimer - Tools Mate\",\"isPartOf\":{\"@id\":\"https:\/\/toolsmate.online\/#website\"},\"datePublished\":\"2024-10-07T08:34:31+00:00\",\"dateModified\":\"2025-11-28T15:44:17+00:00\",\"description\":\"The conversion results provided by ToolsMate.online are for general informational and educational purposes only. While we strive to ensure accuracy, we do not guarantee that all calculations are error-free. Always double-check critical conversions using official or professional measurement references.ToolsMate.online assumes no responsibility for any errors, omissions, or damages arising from the use of this converter or reliance on its results.\",\"breadcrumb\":{\"@id\":\"https:\/\/toolsmate.online\/disclaimer\/#breadcrumb\"},\"inLanguage\":\"vi\",\"potentialAction\":[{\"@type\":\"ReadAction\",\"target\":[\"https:\/\/toolsmate.online\/disclaimer\/\"]}]},{\"@type\":\"BreadcrumbList\",\"@id\":\"https:\/\/toolsmate.online\/disclaimer\/#breadcrumb\",\"itemListElement\":[{\"@type\":\"ListItem\",\"position\":1,\"name\":\"Home\",\"item\":\"https:\/\/toolsmate.online\/\"},{\"@type\":\"ListItem\",\"position\":2,\"name\":\"Disclaimer\"}]},{\"@type\":\"WebSite\",\"@id\":\"https:\/\/toolsmate.online\/#website\",\"url\":\"https:\/\/toolsmate.online\/\",\"name\":\"Tools Mate\",\"description\":\"\",\"publisher\":{\"@id\":\"https:\/\/toolsmate.online\/#organization\"},\"potentialAction\":[{\"@type\":\"SearchAction\",\"target\":{\"@type\":\"EntryPoint\",\"urlTemplate\":\"https:\/\/toolsmate.online\/?s={search_term_string}\"},\"query-input\":{\"@type\":\"PropertyValueSpecification\",\"valueRequired\":true,\"valueName\":\"search_term_string\"}}],\"inLanguage\":\"vi\"},{\"@type\":\"Organization\",\"@id\":\"https:\/\/toolsmate.online\/#organization\",\"name\":\"Tools Mate\",\"url\":\"https:\/\/toolsmate.online\/\",\"logo\":{\"@type\":\"ImageObject\",\"inLanguage\":\"vi\",\"@id\":\"https:\/\/toolsmate.online\/#\/schema\/logo\/image\/\",\"url\":\"https:\/\/toolsmate.online\/wp-content\/uploads\/2025\/09\/Background-4-1.png\",\"contentUrl\":\"https:\/\/toolsmate.online\/wp-content\/uploads\/2025\/09\/Background-4-1.png\",\"width\":290,\"height\":49,\"caption\":\"Tools Mate\"},\"image\":{\"@id\":\"https:\/\/toolsmate.online\/#\/schema\/logo\/image\/\"}}]}<\/script>\n<!-- \/ Yoast SEO plugin. -->","yoast_head_json":{"title":"Tuy\u00ean b\u1ed1 mi\u1ec5n tr\u1eeb tr\u00e1ch nhi\u1ec7m - Tools Mate","description":"K\u1ebft qu\u1ea3 chuy\u1ec3n \u0111\u1ed5i do ToolsMate.online cung c\u1ea5p ch\u1ec9 nh\u1eb1m m\u1ee5c \u0111\u00edch th\u00f4ng tin chung v\u00e0 gi\u00e1o d\u1ee5c. M\u1eb7c d\u00f9 ch\u00fang t\u00f4i lu\u00f4n n\u1ed7 l\u1ef1c \u0111\u1ea3m b\u1ea3o t\u00ednh ch\u00ednh x\u00e1c, ch\u00fang t\u00f4i kh\u00f4ng \u0111\u1ea3m b\u1ea3o r\u1eb1ng t\u1ea5t c\u1ea3 c\u00e1c ph\u00e9p t\u00ednh \u0111\u1ec1u kh\u00f4ng c\u00f3 l\u1ed7i. Lu\u00f4n ki\u1ec3m tra k\u1ef9 c\u00e1c ph\u00e9p chuy\u1ec3n \u0111\u1ed5i quan tr\u1ecdng b\u1eb1ng c\u00e1ch s\u1eed d\u1ee5ng c\u00e1c t\u00e0i li\u1ec7u tham kh\u1ea3o \u0111o l\u01b0\u1eddng ch\u00ednh th\u1ee9c ho\u1eb7c chuy\u00ean nghi\u1ec7p. ToolsMate.online kh\u00f4ng ch\u1ecbu tr\u00e1ch nhi\u1ec7m cho b\u1ea5t k\u1ef3 l\u1ed7i, thi\u1ebfu s\u00f3t ho\u1eb7c thi\u1ec7t h\u1ea1i n\u00e0o ph\u00e1t sinh t\u1eeb vi\u1ec7c s\u1eed d\u1ee5ng b\u1ed9 chuy\u1ec3n \u0111\u1ed5i n\u00e0y ho\u1eb7c vi\u1ec7c d\u1ef1a v\u00e0o k\u1ebft qu\u1ea3 c\u1ee7a n\u00f3.","robots":{"index":"index","follow":"follow","max-snippet":"max-snippet:-1","max-image-preview":"max-image-preview:large","max-video-preview":"max-video-preview:-1"},"canonical":"https:\/\/toolsmate.online\/vi\/disclaimer\/","og_locale":"vi_VN","og_type":"article","og_title":"Disclaimer - Tools Mate","og_description":"The conversion results provided by ToolsMate.online are for general informational and educational purposes only. While we strive to ensure accuracy, we do not guarantee that all calculations are error-free. Always double-check critical conversions using official or professional measurement references.ToolsMate.online assumes no responsibility for any errors, omissions, or damages arising from the use of this converter or reliance on its results.","og_url":"https:\/\/toolsmate.online\/vi\/disclaimer\/","og_site_name":"Tools Mate","article_modified_time":"2025-11-28T15:44:17+00:00","twitter_card":"summary_large_image","twitter_misc":{"\u01af\u1edbc t\u00ednh th\u1eddi gian \u0111\u1ecdc":"3 ph\u00fat"},"schema":{"@context":"https:\/\/schema.org","@graph":[{"@type":"WebPage","@id":"https:\/\/toolsmate.online\/disclaimer\/","url":"https:\/\/toolsmate.online\/disclaimer\/","name":"Tuy\u00ean b\u1ed1 mi\u1ec5n tr\u1eeb tr\u00e1ch nhi\u1ec7m - Tools Mate","isPartOf":{"@id":"https:\/\/toolsmate.online\/#website"},"datePublished":"2024-10-07T08:34:31+00:00","dateModified":"2025-11-28T15:44:17+00:00","description":"K\u1ebft qu\u1ea3 chuy\u1ec3n \u0111\u1ed5i do ToolsMate.online cung c\u1ea5p ch\u1ec9 nh\u1eb1m m\u1ee5c \u0111\u00edch th\u00f4ng tin chung v\u00e0 gi\u00e1o d\u1ee5c. M\u1eb7c d\u00f9 ch\u00fang t\u00f4i lu\u00f4n n\u1ed7 l\u1ef1c \u0111\u1ea3m b\u1ea3o t\u00ednh ch\u00ednh x\u00e1c, ch\u00fang t\u00f4i kh\u00f4ng \u0111\u1ea3m b\u1ea3o r\u1eb1ng t\u1ea5t c\u1ea3 c\u00e1c ph\u00e9p t\u00ednh \u0111\u1ec1u kh\u00f4ng c\u00f3 l\u1ed7i. Lu\u00f4n ki\u1ec3m tra k\u1ef9 c\u00e1c ph\u00e9p chuy\u1ec3n \u0111\u1ed5i quan tr\u1ecdng b\u1eb1ng c\u00e1ch s\u1eed d\u1ee5ng c\u00e1c t\u00e0i li\u1ec7u tham kh\u1ea3o \u0111o l\u01b0\u1eddng ch\u00ednh th\u1ee9c ho\u1eb7c chuy\u00ean nghi\u1ec7p. ToolsMate.online kh\u00f4ng ch\u1ecbu tr\u00e1ch nhi\u1ec7m cho b\u1ea5t k\u1ef3 l\u1ed7i, thi\u1ebfu s\u00f3t ho\u1eb7c thi\u1ec7t h\u1ea1i n\u00e0o ph\u00e1t sinh t\u1eeb vi\u1ec7c s\u1eed d\u1ee5ng b\u1ed9 chuy\u1ec3n \u0111\u1ed5i n\u00e0y ho\u1eb7c vi\u1ec7c d\u1ef1a v\u00e0o k\u1ebft qu\u1ea3 c\u1ee7a n\u00f3.","breadcrumb":{"@id":"https:\/\/toolsmate.online\/disclaimer\/#breadcrumb"},"inLanguage":"vi","potentialAction":[{"@type":"ReadAction","target":["https:\/\/toolsmate.online\/disclaimer\/"]}]},{"@type":"BreadcrumbList","@id":"https:\/\/toolsmate.online\/disclaimer\/#breadcrumb","itemListElement":[{"@type":"ListItem","position":1,"name":"Home","item":"https:\/\/toolsmate.online\/"},{"@type":"ListItem","position":2,"name":"Disclaimer"}]},{"@type":"WebSite","@id":"https:\/\/toolsmate.online\/#website","url":"https:\/\/toolsmate.online\/","name":"C\u00f4ng c\u1ee5 Mate","description":"","publisher":{"@id":"https:\/\/toolsmate.online\/#organization"},"potentialAction":[{"@type":"SearchAction","target":{"@type":"EntryPoint","urlTemplate":"https:\/\/toolsmate.online\/?s={search_term_string}"},"query-input":{"@type":"PropertyValueSpecification","valueRequired":true,"valueName":"search_term_string"}}],"inLanguage":"vi"},{"@type":"Organization","@id":"https:\/\/toolsmate.online\/#organization","name":"C\u00f4ng c\u1ee5 Mate","url":"https:\/\/toolsmate.online\/","logo":{"@type":"ImageObject","inLanguage":"vi","@id":"https:\/\/toolsmate.online\/#\/schema\/logo\/image\/","url":"https:\/\/toolsmate.online\/wp-content\/uploads\/2025\/09\/Background-4-1.png","contentUrl":"https:\/\/toolsmate.online\/wp-content\/uploads\/2025\/09\/Background-4-1.png","width":290,"height":49,"caption":"Tools Mate"},"image":{"@id":"https:\/\/toolsmate.online\/#\/schema\/logo\/image\/"}}]}},"taxonomy_info":[],"featured_image_src_large":false,"author_info":{"display_name":"ToolsMate","author_link":"https:\/\/toolsmate.online\/vi\/author\/toolsmate\/"},"comment_info":0,"_links":{"self":[{"href":"https:\/\/toolsmate.online\/vi\/wp-json\/wp\/v2\/pages\/5397","targetHints":{"allow":["GET"]}}],"collection":[{"href":"https:\/\/toolsmate.online\/vi\/wp-json\/wp\/v2\/pages"}],"about":[{"href":"https:\/\/toolsmate.online\/vi\/wp-json\/wp\/v2\/types\/page"}],"author":[{"embeddable":true,"href":"https:\/\/toolsmate.online\/vi\/wp-json\/wp\/v2\/users\/3"}],"replies":[{"embeddable":true,"href":"https:\/\/toolsmate.online\/vi\/wp-json\/wp\/v2\/comments?post=5397"}],"version-history":[{"count":4,"href":"https:\/\/toolsmate.online\/vi\/wp-json\/wp\/v2\/pages\/5397\/revisions"}],"predecessor-version":[{"id":7629,"href":"https:\/\/toolsmate.online\/vi\/wp-json\/wp\/v2\/pages\/5397\/revisions\/7629"}],"wp:attachment":[{"href":"https:\/\/toolsmate.online\/vi\/wp-json\/wp\/v2\/media?parent=5397"}],"curies":[{"name":"wp","href":"https:\/\/api.w.org\/{rel}","templated":true}]}}