{"id":1527,"date":"2024-09-19T11:59:23","date_gmt":"2024-09-19T11:59:23","guid":{"rendered":"https:\/\/pixelsconverter.online\/?page_id=1527"},"modified":"2025-11-28T15:36:45","modified_gmt":"2025-11-28T15:36:45","slug":"about","status":"publish","type":"page","link":"https:\/\/toolsmate.online\/tr\/about\/","title":{"rendered":"Hakk\u0131nda"},"content":{"rendered":"<style>.kb-row-layout-id1527_2b2aed-84 > .kt-row-column-wrap{align-content:start;}:where(.kb-row-layout-id1527_2b2aed-84 > .kt-row-column-wrap) > .wp-block-kadence-column{justify-content:start;}.kb-row-layout-id1527_2b2aed-84 > .kt-row-column-wrap{column-gap:var(--global-kb-gap-md, 2rem);row-gap:var(--global-kb-gap-md, 2rem);max-width:var( --global-content-width, 1100px );padding-left:var(--global-content-edge-padding);padding-right:var(--global-content-edge-padding);padding-top:var(--global-kb-spacing-sm, 1.5rem);padding-bottom:var(--global-kb-spacing-sm, 1.5rem);grid-template-columns:minmax(0, 1fr);}.kb-row-layout-id1527_2b2aed-84 > .kt-row-layout-overlay{opacity:0.30;}.kb-row-layout-id1527_2b2aed-84 ,.kb-row-layout-id1527_2b2aed-84 h1,.kb-row-layout-id1527_2b2aed-84 h2,.kb-row-layout-id1527_2b2aed-84 h3,.kb-row-layout-id1527_2b2aed-84 h4,.kb-row-layout-id1527_2b2aed-84 h5,.kb-row-layout-id1527_2b2aed-84 h6{color:var(--global-palette9, #ffffff);}.kb-row-layout-id1527_2b2aed-84 a{color:var(--global-palette7, #EDF2F7);}@media all and (max-width: 1024px){.kb-row-layout-id1527_2b2aed-84 > .kt-row-column-wrap{grid-template-columns:minmax(0, 1fr);}}@media all and (max-width: 767px){.kb-row-layout-id1527_2b2aed-84 > .kt-row-column-wrap{grid-template-columns:minmax(0, 1fr);}}<\/style><div class=\"kb-row-layout-wrap kb-row-layout-id1527_2b2aed-84 alignnone wp-block-kadence-rowlayout\"><div class=\"kt-row-column-wrap kt-has-1-columns kt-row-layout-equal kt-tab-layout-inherit kt-mobile-layout-row kt-row-valign-top kb-theme-content-width\">\n<style>.kadence-column1527_af820c-51 > .kt-inside-inner-col,.kadence-column1527_af820c-51 > .kt-inside-inner-col:before{border-top-left-radius:0px;border-top-right-radius:0px;border-bottom-right-radius:0px;border-bottom-left-radius:0px;}.kadence-column1527_af820c-51 > .kt-inside-inner-col{column-gap:var(--global-kb-gap-sm, 1rem);}.kadence-column1527_af820c-51 > .kt-inside-inner-col{flex-direction:column;}.kadence-column1527_af820c-51 > .kt-inside-inner-col > .aligncenter{width:100%;}.kadence-column1527_af820c-51 > .kt-inside-inner-col:before{opacity:0.3;}.kadence-column1527_af820c-51{position:relative;}@media all and (max-width: 1024px){.kadence-column1527_af820c-51 > .kt-inside-inner-col{flex-direction:column;justify-content:center;}}@media all and (max-width: 767px){.kadence-column1527_af820c-51 > .kt-inside-inner-col{flex-direction:column;justify-content:center;}}<\/style>\n<div class=\"wp-block-kadence-column kadence-column1527_af820c-51\"><div class=\"kt-inside-inner-col\">\n<h1 class=\"wp-block-heading\">Hakk\u0131m\u0131zda<\/h1>\n\n\n\n<p>ToolsMate Online, tasar\u0131mc\u0131lar\u0131n, geli\u015ftiricilerin ve dijital profesyonellerin i\u015flerini daha basit, daha h\u0131zl\u0131 ve daha do\u011fru hale getirmek i\u00e7in tasarlanm\u0131\u015ft\u0131r. Platformumuz, PX&#039;i REM, EM, VW, VH, PT, IN, PC, CM, MM ve Y\u00fczde gibi temel birimlere tam bir hassasiyetle d\u00f6n\u00fc\u015ft\u00fcrmenize yard\u0131mc\u0131 olan g\u00fcvenilir d\u00f6n\u00fc\u015ft\u00fcrme ara\u00e7lar\u0131ndan olu\u015fan bir koleksiyon sunar.<\/p>\n\n\n\n<p>ToolsMate&#039;i, yarat\u0131c\u0131l\u0131\u011f\u0131 sekteye u\u011fratan ve i\u015f ak\u0131\u015f\u0131n\u0131z\u0131 yava\u015flatan karma\u015f\u0131k d\u00f6n\u00fc\u015f\u00fcmler gibi yayg\u0131n bir sorunu \u00e7\u00f6zmek i\u00e7in geli\u015ftirdik. Ara\u00e7lar\u0131m\u0131zla an\u0131nda hesaplama yapabilir, manuel hatalardan ka\u00e7\u0131nabilir ve tasar\u0131m ve geli\u015ftirme g\u00f6revlerinize tamamen odaklanabilirsiniz.<\/p>\n\n\n\n<p>Netli\u011fe, kullan\u0131labilirli\u011fe ve do\u011frulu\u011fa inan\u0131yoruz. Platformumuzdaki her ara\u00e7, kar\u0131\u015f\u0131kl\u0131\u011fa yol a\u00e7madan h\u0131zl\u0131 sonu\u00e7lar sunmak, projelerinizi daha verimli hale getirmek ve tutarl\u0131 tasar\u0131m standartlar\u0131n\u0131 koruman\u0131za yard\u0131mc\u0131 olmak \u00fczere tasarlanm\u0131\u015ft\u0131r.<\/p>\n\n\n\n<p>Misyonumuz, g\u00fcnl\u00fck g\u00f6revleri kolayla\u015ft\u0131ran ak\u0131ll\u0131 ve sezgisel ara\u00e7larla i\u015finizi desteklemektir; b\u00f6ylece daha iyi web siteleri, uygulamalar ve dijital deneyimler olu\u015fturmaya daha fazla zaman ay\u0131rabilirsiniz.<\/p>\n<\/div><\/div>\n\n<\/div><\/div>","protected":false},"excerpt":{"rendered":"<p>About Us ToolsMate Online is built to make the work of designers, developers, and digital professionals simpler, faster, and more accurate. Our platform provides a collection of reliable conversion tools that help you transform PX into essential units such as REM, EM, VW, VH, PT, IN, PC, CM, MM, and Percent with complete precision. We&#8230;<\/p>","protected":false},"author":3,"featured_media":0,"parent":0,"menu_order":0,"comment_status":"closed","ping_status":"closed","template":"","meta":{"_kad_blocks_custom_css":"","_kad_blocks_head_custom_js":"","_kad_blocks_body_custom_js":"","_kad_blocks_footer_custom_js":"","_kad_post_transparent":"","_kad_post_title":"","_kad_post_layout":"","_kad_post_sidebar_id":"","_kad_post_content_style":"","_kad_post_vertical_padding":"","_kad_post_feature":"","_kad_post_feature_position":"","_kad_post_header":false,"_kad_post_footer":false,"footnotes":""},"class_list":["post-1527","page","type-page","status-publish","hentry"],"yoast_head":"<!-- This site is optimized with the Yoast SEO plugin v26.4 - https:\/\/yoast.com\/wordpress\/plugins\/seo\/ -->\n<title>About Us | Pixels Converter Online - Your Pixel Conversion Tool<\/title>\n<meta name=\"description\" content=\"Learn more about Pixels Converter Online, the premier tool for converting pixels to REM, EM, VW, VH, and more. Trusted by designers and developers for fast, precise unit conversions.\" \/>\n<meta name=\"robots\" content=\"index, follow, max-snippet:-1, max-image-preview:large, max-video-preview:-1\" \/>\n<link rel=\"canonical\" href=\"https:\/\/toolsmate.online\/tr\/about\/\" \/>\n<meta property=\"og:locale\" content=\"tr_TR\" \/>\n<meta property=\"og:type\" content=\"article\" \/>\n<meta property=\"og:title\" content=\"About Us | Pixels Converter Online - Your Pixel Conversion Tool\" \/>\n<meta property=\"og:description\" content=\"Learn more about Pixels Converter Online, the premier tool for converting pixels to REM, EM, VW, VH, and more. Trusted by designers and developers for fast, precise unit conversions.\" \/>\n<meta property=\"og:url\" content=\"https:\/\/toolsmate.online\/tr\/about\/\" \/>\n<meta property=\"og:site_name\" content=\"Tools Mate\" \/>\n<meta property=\"article:modified_time\" content=\"2025-11-28T15:36:45+00:00\" \/>\n<meta name=\"twitter:card\" content=\"summary_large_image\" \/>\n<meta name=\"twitter:label1\" content=\"Tahmini okuma s\u00fcresi\" \/>\n\t<meta name=\"twitter:data1\" content=\"1 dakika\" \/>\n<script type=\"application\/ld+json\" class=\"yoast-schema-graph\">{\"@context\":\"https:\/\/schema.org\",\"@graph\":[{\"@type\":\"WebPage\",\"@id\":\"https:\/\/toolsmate.online\/about\/\",\"url\":\"https:\/\/toolsmate.online\/about\/\",\"name\":\"About Us | Pixels Converter Online - Your Pixel Conversion Tool\",\"isPartOf\":{\"@id\":\"https:\/\/toolsmate.online\/#website\"},\"datePublished\":\"2024-09-19T11:59:23+00:00\",\"dateModified\":\"2025-11-28T15:36:45+00:00\",\"description\":\"Learn more about Pixels Converter Online, the premier tool for converting pixels to REM, EM, VW, VH, and more. Trusted by designers and developers for fast, precise unit conversions.\",\"breadcrumb\":{\"@id\":\"https:\/\/toolsmate.online\/about\/#breadcrumb\"},\"inLanguage\":\"tr\",\"potentialAction\":[{\"@type\":\"ReadAction\",\"target\":[\"https:\/\/toolsmate.online\/about\/\"]}]},{\"@type\":\"BreadcrumbList\",\"@id\":\"https:\/\/toolsmate.online\/about\/#breadcrumb\",\"itemListElement\":[{\"@type\":\"ListItem\",\"position\":1,\"name\":\"Home\",\"item\":\"https:\/\/toolsmate.online\/\"},{\"@type\":\"ListItem\",\"position\":2,\"name\":\"About\"}]},{\"@type\":\"WebSite\",\"@id\":\"https:\/\/toolsmate.online\/#website\",\"url\":\"https:\/\/toolsmate.online\/\",\"name\":\"Tools Mate\",\"description\":\"\",\"publisher\":{\"@id\":\"https:\/\/toolsmate.online\/#organization\"},\"potentialAction\":[{\"@type\":\"SearchAction\",\"target\":{\"@type\":\"EntryPoint\",\"urlTemplate\":\"https:\/\/toolsmate.online\/?s={search_term_string}\"},\"query-input\":{\"@type\":\"PropertyValueSpecification\",\"valueRequired\":true,\"valueName\":\"search_term_string\"}}],\"inLanguage\":\"tr\"},{\"@type\":\"Organization\",\"@id\":\"https:\/\/toolsmate.online\/#organization\",\"name\":\"Tools Mate\",\"url\":\"https:\/\/toolsmate.online\/\",\"logo\":{\"@type\":\"ImageObject\",\"inLanguage\":\"tr\",\"@id\":\"https:\/\/toolsmate.online\/#\/schema\/logo\/image\/\",\"url\":\"https:\/\/toolsmate.online\/wp-content\/uploads\/2025\/09\/Background-4-1.png\",\"contentUrl\":\"https:\/\/toolsmate.online\/wp-content\/uploads\/2025\/09\/Background-4-1.png\",\"width\":290,\"height\":49,\"caption\":\"Tools Mate\"},\"image\":{\"@id\":\"https:\/\/toolsmate.online\/#\/schema\/logo\/image\/\"}}]}<\/script>\n<!-- \/ Yoast SEO plugin. -->","yoast_head_json":{"title":"Hakk\u0131m\u0131zda | Pixels Converter Online - Piksel D\u00f6n\u00fc\u015ft\u00fcrme Arac\u0131n\u0131z","description":"Pikselleri REM, EM, VW, VH ve daha fazlas\u0131na d\u00f6n\u00fc\u015ft\u00fcrmek i\u00e7in birinci s\u0131n\u0131f ara\u00e7 olan Pixels Converter Online hakk\u0131nda daha fazla bilgi edinin. Tasar\u0131mc\u0131lar ve geli\u015ftiriciler taraf\u0131ndan h\u0131zl\u0131, hassas birim d\u00f6n\u00fc\u015f\u00fcmleri i\u00e7in g\u00fcvenilirdir.","robots":{"index":"index","follow":"follow","max-snippet":"max-snippet:-1","max-image-preview":"max-image-preview:large","max-video-preview":"max-video-preview:-1"},"canonical":"https:\/\/toolsmate.online\/tr\/about\/","og_locale":"tr_TR","og_type":"article","og_title":"About Us | Pixels Converter Online - Your Pixel Conversion Tool","og_description":"Learn more about Pixels Converter Online, the premier tool for converting pixels to REM, EM, VW, VH, and more. Trusted by designers and developers for fast, precise unit conversions.","og_url":"https:\/\/toolsmate.online\/tr\/about\/","og_site_name":"Tools Mate","article_modified_time":"2025-11-28T15:36:45+00:00","twitter_card":"summary_large_image","twitter_misc":{"Tahmini okuma s\u00fcresi":"1 dakika"},"schema":{"@context":"https:\/\/schema.org","@graph":[{"@type":"WebPage","@id":"https:\/\/toolsmate.online\/about\/","url":"https:\/\/toolsmate.online\/about\/","name":"Hakk\u0131m\u0131zda | Pixels Converter Online - Piksel D\u00f6n\u00fc\u015ft\u00fcrme Arac\u0131n\u0131z","isPartOf":{"@id":"https:\/\/toolsmate.online\/#website"},"datePublished":"2024-09-19T11:59:23+00:00","dateModified":"2025-11-28T15:36:45+00:00","description":"Pikselleri REM, EM, VW, VH ve daha fazlas\u0131na d\u00f6n\u00fc\u015ft\u00fcrmek i\u00e7in birinci s\u0131n\u0131f ara\u00e7 olan Pixels Converter Online hakk\u0131nda daha fazla bilgi edinin. Tasar\u0131mc\u0131lar ve geli\u015ftiriciler taraf\u0131ndan h\u0131zl\u0131, hassas birim d\u00f6n\u00fc\u015f\u00fcmleri i\u00e7in g\u00fcvenilirdir.","breadcrumb":{"@id":"https:\/\/toolsmate.online\/about\/#breadcrumb"},"inLanguage":"tr","potentialAction":[{"@type":"ReadAction","target":["https:\/\/toolsmate.online\/about\/"]}]},{"@type":"BreadcrumbList","@id":"https:\/\/toolsmate.online\/about\/#breadcrumb","itemListElement":[{"@type":"ListItem","position":1,"name":"Home","item":"https:\/\/toolsmate.online\/"},{"@type":"ListItem","position":2,"name":"About"}]},{"@type":"WebSite","@id":"https:\/\/toolsmate.online\/#website","url":"https:\/\/toolsmate.online\/","name":"Ara\u00e7lar Arkada\u015f\u0131","description":"","publisher":{"@id":"https:\/\/toolsmate.online\/#organization"},"potentialAction":[{"@type":"SearchAction","target":{"@type":"EntryPoint","urlTemplate":"https:\/\/toolsmate.online\/?s={search_term_string}"},"query-input":{"@type":"PropertyValueSpecification","valueRequired":true,"valueName":"search_term_string"}}],"inLanguage":"tr"},{"@type":"Organization","@id":"https:\/\/toolsmate.online\/#organization","name":"Ara\u00e7lar Arkada\u015f\u0131","url":"https:\/\/toolsmate.online\/","logo":{"@type":"ImageObject","inLanguage":"tr","@id":"https:\/\/toolsmate.online\/#\/schema\/logo\/image\/","url":"https:\/\/toolsmate.online\/wp-content\/uploads\/2025\/09\/Background-4-1.png","contentUrl":"https:\/\/toolsmate.online\/wp-content\/uploads\/2025\/09\/Background-4-1.png","width":290,"height":49,"caption":"Tools Mate"},"image":{"@id":"https:\/\/toolsmate.online\/#\/schema\/logo\/image\/"}}]}},"taxonomy_info":[],"featured_image_src_large":false,"author_info":{"display_name":"ToolsMate","author_link":"https:\/\/toolsmate.online\/tr\/author\/toolsmate\/"},"comment_info":0,"_links":{"self":[{"href":"https:\/\/toolsmate.online\/tr\/wp-json\/wp\/v2\/pages\/1527","targetHints":{"allow":["GET"]}}],"collection":[{"href":"https:\/\/toolsmate.online\/tr\/wp-json\/wp\/v2\/pages"}],"about":[{"href":"https:\/\/toolsmate.online\/tr\/wp-json\/wp\/v2\/types\/page"}],"author":[{"embeddable":true,"href":"https:\/\/toolsmate.online\/tr\/wp-json\/wp\/v2\/users\/3"}],"replies":[{"embeddable":true,"href":"https:\/\/toolsmate.online\/tr\/wp-json\/wp\/v2\/comments?post=1527"}],"version-history":[{"count":5,"href":"https:\/\/toolsmate.online\/tr\/wp-json\/wp\/v2\/pages\/1527\/revisions"}],"predecessor-version":[{"id":7626,"href":"https:\/\/toolsmate.online\/tr\/wp-json\/wp\/v2\/pages\/1527\/revisions\/7626"}],"wp:attachment":[{"href":"https:\/\/toolsmate.online\/tr\/wp-json\/wp\/v2\/media?parent=1527"}],"curies":[{"name":"wp","href":"https:\/\/api.w.org\/{rel}","templated":true}]}}