{"id":1527,"date":"2024-09-19T11:59:23","date_gmt":"2024-09-19T11:59:23","guid":{"rendered":"https:\/\/pixelsconverter.online\/?page_id=1527"},"modified":"2025-11-28T15:36:45","modified_gmt":"2025-11-28T15:36:45","slug":"about","status":"publish","type":"page","link":"https:\/\/toolsmate.online\/es\/about\/","title":{"rendered":"Acerca de"},"content":{"rendered":"<style>.kb-row-layout-id1527_2b2aed-84 > .kt-row-column-wrap{align-content:start;}:where(.kb-row-layout-id1527_2b2aed-84 > .kt-row-column-wrap) > .wp-block-kadence-column{justify-content:start;}.kb-row-layout-id1527_2b2aed-84 > .kt-row-column-wrap{column-gap:var(--global-kb-gap-md, 2rem);row-gap:var(--global-kb-gap-md, 2rem);max-width:var( --global-content-width, 1100px );padding-left:var(--global-content-edge-padding);padding-right:var(--global-content-edge-padding);padding-top:var(--global-kb-spacing-sm, 1.5rem);padding-bottom:var(--global-kb-spacing-sm, 1.5rem);grid-template-columns:minmax(0, 1fr);}.kb-row-layout-id1527_2b2aed-84 > .kt-row-layout-overlay{opacity:0.30;}.kb-row-layout-id1527_2b2aed-84 ,.kb-row-layout-id1527_2b2aed-84 h1,.kb-row-layout-id1527_2b2aed-84 h2,.kb-row-layout-id1527_2b2aed-84 h3,.kb-row-layout-id1527_2b2aed-84 h4,.kb-row-layout-id1527_2b2aed-84 h5,.kb-row-layout-id1527_2b2aed-84 h6{color:var(--global-palette9, #ffffff);}.kb-row-layout-id1527_2b2aed-84 a{color:var(--global-palette7, #EDF2F7);}@media all and (max-width: 1024px){.kb-row-layout-id1527_2b2aed-84 > .kt-row-column-wrap{grid-template-columns:minmax(0, 1fr);}}@media all and (max-width: 767px){.kb-row-layout-id1527_2b2aed-84 > .kt-row-column-wrap{grid-template-columns:minmax(0, 1fr);}}<\/style><div class=\"kb-row-layout-wrap kb-row-layout-id1527_2b2aed-84 alignnone wp-block-kadence-rowlayout\"><div class=\"kt-row-column-wrap kt-has-1-columns kt-row-layout-equal kt-tab-layout-inherit kt-mobile-layout-row kt-row-valign-top kb-theme-content-width\">\n<style>.kadence-column1527_af820c-51 > .kt-inside-inner-col,.kadence-column1527_af820c-51 > .kt-inside-inner-col:before{border-top-left-radius:0px;border-top-right-radius:0px;border-bottom-right-radius:0px;border-bottom-left-radius:0px;}.kadence-column1527_af820c-51 > .kt-inside-inner-col{column-gap:var(--global-kb-gap-sm, 1rem);}.kadence-column1527_af820c-51 > .kt-inside-inner-col{flex-direction:column;}.kadence-column1527_af820c-51 > .kt-inside-inner-col > .aligncenter{width:100%;}.kadence-column1527_af820c-51 > .kt-inside-inner-col:before{opacity:0.3;}.kadence-column1527_af820c-51{position:relative;}@media all and (max-width: 1024px){.kadence-column1527_af820c-51 > .kt-inside-inner-col{flex-direction:column;justify-content:center;}}@media all and (max-width: 767px){.kadence-column1527_af820c-51 > .kt-inside-inner-col{flex-direction:column;justify-content:center;}}<\/style>\n<div class=\"wp-block-kadence-column kadence-column1527_af820c-51\"><div class=\"kt-inside-inner-col\">\n<h1 class=\"wp-block-heading\">Sobre Nosotros<\/h1>\n\n\n\n<p>ToolsMate Online est\u00e1 dise\u00f1ado para simplificar, agilizar y hacer m\u00e1s preciso el trabajo de dise\u00f1adores, desarrolladores y profesionales digitales. Nuestra plataforma ofrece una colecci\u00f3n de herramientas de conversi\u00f3n fiables que le ayudan a transformar PX en unidades esenciales como REM, EM, VW, VH, PT, IN, PC, CM, MM y porcentaje con total precisi\u00f3n.<\/p>\n\n\n\n<p>Creamos ToolsMate para resolver un problema com\u00fan: las conversiones complejas que interrumpen la creatividad y ralentizan el flujo de trabajo. Con nuestras herramientas, puede calcular al instante, evitar errores manuales y concentrarse plenamente en sus tareas de dise\u00f1o y desarrollo.<\/p>\n\n\n\n<p>Creemos en la claridad, la usabilidad y la precisi\u00f3n. Cada herramienta de nuestra plataforma est\u00e1 dise\u00f1ada para ofrecer resultados r\u00e1pidos y sin confusiones, lo que aumenta la eficiencia de sus proyectos y le ayuda a mantener est\u00e1ndares de dise\u00f1o consistentes.<\/p>\n\n\n\n<p>Nuestra misi\u00f3n es apoyar su trabajo con herramientas inteligentes e intuitivas que faciliten las tareas cotidianas, para que pueda dedicar m\u00e1s tiempo a crear mejores sitios web, aplicaciones y experiencias digitales.<\/p>\n<\/div><\/div>\n\n<\/div><\/div>","protected":false},"excerpt":{"rendered":"<p>About Us ToolsMate Online is built to make the work of designers, developers, and digital professionals simpler, faster, and more accurate. Our platform provides a collection of reliable conversion tools that help you transform PX into essential units such as REM, EM, VW, VH, PT, IN, PC, CM, MM, and Percent with complete precision. We&#8230;<\/p>","protected":false},"author":3,"featured_media":0,"parent":0,"menu_order":0,"comment_status":"closed","ping_status":"closed","template":"","meta":{"_kad_blocks_custom_css":"","_kad_blocks_head_custom_js":"","_kad_blocks_body_custom_js":"","_kad_blocks_footer_custom_js":"","_kad_post_transparent":"","_kad_post_title":"","_kad_post_layout":"","_kad_post_sidebar_id":"","_kad_post_content_style":"","_kad_post_vertical_padding":"","_kad_post_feature":"","_kad_post_feature_position":"","_kad_post_header":false,"_kad_post_footer":false,"footnotes":""},"class_list":["post-1527","page","type-page","status-publish","hentry"],"yoast_head":"<!-- This site is optimized with the Yoast SEO plugin v26.4 - https:\/\/yoast.com\/wordpress\/plugins\/seo\/ -->\n<title>About Us | Pixels Converter Online - Your Pixel Conversion Tool<\/title>\n<meta name=\"description\" content=\"Learn more about Pixels Converter Online, the premier tool for converting pixels to REM, EM, VW, VH, and more. Trusted by designers and developers for fast, precise unit conversions.\" \/>\n<meta name=\"robots\" content=\"index, follow, max-snippet:-1, max-image-preview:large, max-video-preview:-1\" \/>\n<link rel=\"canonical\" href=\"https:\/\/toolsmate.online\/es\/about\/\" \/>\n<meta property=\"og:locale\" content=\"es_ES\" \/>\n<meta property=\"og:type\" content=\"article\" \/>\n<meta property=\"og:title\" content=\"About Us | Pixels Converter Online - Your Pixel Conversion Tool\" \/>\n<meta property=\"og:description\" content=\"Learn more about Pixels Converter Online, the premier tool for converting pixels to REM, EM, VW, VH, and more. Trusted by designers and developers for fast, precise unit conversions.\" \/>\n<meta property=\"og:url\" content=\"https:\/\/toolsmate.online\/es\/about\/\" \/>\n<meta property=\"og:site_name\" content=\"Tools Mate\" \/>\n<meta property=\"article:modified_time\" content=\"2025-11-28T15:36:45+00:00\" \/>\n<meta name=\"twitter:card\" content=\"summary_large_image\" \/>\n<meta name=\"twitter:label1\" content=\"Tiempo de lectura\" \/>\n\t<meta name=\"twitter:data1\" content=\"1 minuto\" \/>\n<script type=\"application\/ld+json\" class=\"yoast-schema-graph\">{\"@context\":\"https:\/\/schema.org\",\"@graph\":[{\"@type\":\"WebPage\",\"@id\":\"https:\/\/toolsmate.online\/about\/\",\"url\":\"https:\/\/toolsmate.online\/about\/\",\"name\":\"About Us | Pixels Converter Online - Your Pixel Conversion Tool\",\"isPartOf\":{\"@id\":\"https:\/\/toolsmate.online\/#website\"},\"datePublished\":\"2024-09-19T11:59:23+00:00\",\"dateModified\":\"2025-11-28T15:36:45+00:00\",\"description\":\"Learn more about Pixels Converter Online, the premier tool for converting pixels to REM, EM, VW, VH, and more. Trusted by designers and developers for fast, precise unit conversions.\",\"breadcrumb\":{\"@id\":\"https:\/\/toolsmate.online\/about\/#breadcrumb\"},\"inLanguage\":\"es\",\"potentialAction\":[{\"@type\":\"ReadAction\",\"target\":[\"https:\/\/toolsmate.online\/about\/\"]}]},{\"@type\":\"BreadcrumbList\",\"@id\":\"https:\/\/toolsmate.online\/about\/#breadcrumb\",\"itemListElement\":[{\"@type\":\"ListItem\",\"position\":1,\"name\":\"Home\",\"item\":\"https:\/\/toolsmate.online\/\"},{\"@type\":\"ListItem\",\"position\":2,\"name\":\"About\"}]},{\"@type\":\"WebSite\",\"@id\":\"https:\/\/toolsmate.online\/#website\",\"url\":\"https:\/\/toolsmate.online\/\",\"name\":\"Tools Mate\",\"description\":\"\",\"publisher\":{\"@id\":\"https:\/\/toolsmate.online\/#organization\"},\"potentialAction\":[{\"@type\":\"SearchAction\",\"target\":{\"@type\":\"EntryPoint\",\"urlTemplate\":\"https:\/\/toolsmate.online\/?s={search_term_string}\"},\"query-input\":{\"@type\":\"PropertyValueSpecification\",\"valueRequired\":true,\"valueName\":\"search_term_string\"}}],\"inLanguage\":\"es\"},{\"@type\":\"Organization\",\"@id\":\"https:\/\/toolsmate.online\/#organization\",\"name\":\"Tools Mate\",\"url\":\"https:\/\/toolsmate.online\/\",\"logo\":{\"@type\":\"ImageObject\",\"inLanguage\":\"es\",\"@id\":\"https:\/\/toolsmate.online\/#\/schema\/logo\/image\/\",\"url\":\"https:\/\/toolsmate.online\/wp-content\/uploads\/2025\/09\/Background-4-1.png\",\"contentUrl\":\"https:\/\/toolsmate.online\/wp-content\/uploads\/2025\/09\/Background-4-1.png\",\"width\":290,\"height\":49,\"caption\":\"Tools Mate\"},\"image\":{\"@id\":\"https:\/\/toolsmate.online\/#\/schema\/logo\/image\/\"}}]}<\/script>\n<!-- \/ Yoast SEO plugin. -->","yoast_head_json":{"title":"Acerca de nosotros | Pixels Converter Online: su herramienta de conversi\u00f3n de p\u00edxeles","description":"Obtenga m\u00e1s informaci\u00f3n sobre Pixels Converter Online, la herramienta l\u00edder para convertir p\u00edxeles a REM, EM, VW, VH y m\u00e1s. Los dise\u00f1adores y desarrolladores conf\u00edan en ella para realizar conversiones de unidades r\u00e1pidas y precisas.","robots":{"index":"index","follow":"follow","max-snippet":"max-snippet:-1","max-image-preview":"max-image-preview:large","max-video-preview":"max-video-preview:-1"},"canonical":"https:\/\/toolsmate.online\/es\/about\/","og_locale":"es_ES","og_type":"article","og_title":"About Us | Pixels Converter Online - Your Pixel Conversion Tool","og_description":"Learn more about Pixels Converter Online, the premier tool for converting pixels to REM, EM, VW, VH, and more. Trusted by designers and developers for fast, precise unit conversions.","og_url":"https:\/\/toolsmate.online\/es\/about\/","og_site_name":"Tools Mate","article_modified_time":"2025-11-28T15:36:45+00:00","twitter_card":"summary_large_image","twitter_misc":{"Tiempo de lectura":"1 minuto"},"schema":{"@context":"https:\/\/schema.org","@graph":[{"@type":"WebPage","@id":"https:\/\/toolsmate.online\/about\/","url":"https:\/\/toolsmate.online\/about\/","name":"Acerca de nosotros | Pixels Converter Online: su herramienta de conversi\u00f3n de p\u00edxeles","isPartOf":{"@id":"https:\/\/toolsmate.online\/#website"},"datePublished":"2024-09-19T11:59:23+00:00","dateModified":"2025-11-28T15:36:45+00:00","description":"Obtenga m\u00e1s informaci\u00f3n sobre Pixels Converter Online, la herramienta l\u00edder para convertir p\u00edxeles a REM, EM, VW, VH y m\u00e1s. Los dise\u00f1adores y desarrolladores conf\u00edan en ella para realizar conversiones de unidades r\u00e1pidas y precisas.","breadcrumb":{"@id":"https:\/\/toolsmate.online\/about\/#breadcrumb"},"inLanguage":"es","potentialAction":[{"@type":"ReadAction","target":["https:\/\/toolsmate.online\/about\/"]}]},{"@type":"BreadcrumbList","@id":"https:\/\/toolsmate.online\/about\/#breadcrumb","itemListElement":[{"@type":"ListItem","position":1,"name":"Home","item":"https:\/\/toolsmate.online\/"},{"@type":"ListItem","position":2,"name":"About"}]},{"@type":"WebSite","@id":"https:\/\/toolsmate.online\/#website","url":"https:\/\/toolsmate.online\/","name":"Herramientas Mate","description":"","publisher":{"@id":"https:\/\/toolsmate.online\/#organization"},"potentialAction":[{"@type":"SearchAction","target":{"@type":"EntryPoint","urlTemplate":"https:\/\/toolsmate.online\/?s={search_term_string}"},"query-input":{"@type":"PropertyValueSpecification","valueRequired":true,"valueName":"search_term_string"}}],"inLanguage":"es"},{"@type":"Organization","@id":"https:\/\/toolsmate.online\/#organization","name":"Herramientas Mate","url":"https:\/\/toolsmate.online\/","logo":{"@type":"ImageObject","inLanguage":"es","@id":"https:\/\/toolsmate.online\/#\/schema\/logo\/image\/","url":"https:\/\/toolsmate.online\/wp-content\/uploads\/2025\/09\/Background-4-1.png","contentUrl":"https:\/\/toolsmate.online\/wp-content\/uploads\/2025\/09\/Background-4-1.png","width":290,"height":49,"caption":"Tools Mate"},"image":{"@id":"https:\/\/toolsmate.online\/#\/schema\/logo\/image\/"}}]}},"taxonomy_info":[],"featured_image_src_large":false,"author_info":{"display_name":"ToolsMate","author_link":"https:\/\/toolsmate.online\/es\/author\/toolsmate\/"},"comment_info":0,"_links":{"self":[{"href":"https:\/\/toolsmate.online\/es\/wp-json\/wp\/v2\/pages\/1527","targetHints":{"allow":["GET"]}}],"collection":[{"href":"https:\/\/toolsmate.online\/es\/wp-json\/wp\/v2\/pages"}],"about":[{"href":"https:\/\/toolsmate.online\/es\/wp-json\/wp\/v2\/types\/page"}],"author":[{"embeddable":true,"href":"https:\/\/toolsmate.online\/es\/wp-json\/wp\/v2\/users\/3"}],"replies":[{"embeddable":true,"href":"https:\/\/toolsmate.online\/es\/wp-json\/wp\/v2\/comments?post=1527"}],"version-history":[{"count":5,"href":"https:\/\/toolsmate.online\/es\/wp-json\/wp\/v2\/pages\/1527\/revisions"}],"predecessor-version":[{"id":7626,"href":"https:\/\/toolsmate.online\/es\/wp-json\/wp\/v2\/pages\/1527\/revisions\/7626"}],"wp:attachment":[{"href":"https:\/\/toolsmate.online\/es\/wp-json\/wp\/v2\/media?parent=1527"}],"curies":[{"name":"wp","href":"https:\/\/api.w.org\/{rel}","templated":true}]}}